{"id":10268,"date":"2022-07-14T08:13:47","date_gmt":"2022-07-14T08:13:47","guid":{"rendered":"https:\/\/www.berg-software.com\/fertigung\/"},"modified":"2022-07-14T13:09:05","modified_gmt":"2022-07-14T13:09:05","slug":"fertigung","status":"publish","type":"page","link":"https:\/\/www.berg-software.com\/de\/fertigung\/","title":{"rendered":"Fertigung"},"content":{"rendered":"<p>[et_pb_section fb_built=&#8220;1&#8243; admin_label=&#8220;Intro&#8220; _builder_version=&#8220;4.7.7&#8243; background_color=&#8220;#e8e8e8&#8243; background_image=&#8220;https:\/\/www.berg-software.com\/wp-content\/uploads\/manufacturing_copy.png&#8220; parallax=&#8220;on&#8220; background_enable_video_mp4=&#8220;off&#8220; min_height=&#8220;55vh&#8220; custom_margin=&#8220;||-38px|||&#8220; custom_padding=&#8220;14vh||6vh||false|false&#8220; hover_enabled=&#8220;0&#8243; border_color_bottom=&#8220;rgba(0,0,0,0)&#8220; locked=&#8220;off&#8220; alt=&#8220;manufacturing&#8220; title_text=&#8220;manufacturing_copy&#8220; sticky_enabled=&#8220;0&#8243;][et_pb_row column_structure=&#8220;1_2,1_2&#8243; _builder_version=&#8220;4.7.7&#8243; custom_margin=&#8220;|auto|-183px|auto||&#8220; custom_padding=&#8220;||224px||false|false&#8220;][et_pb_column type=&#8220;1_2&#8243; _builder_version=&#8220;4.4.1&#8243;][et_pb_text _builder_version=&#8220;4.7.7&#8243; text_font_size=&#8220;1em&#8220; header_font=&#8220;|300|||||||&#8220; header_text_align=&#8220;left&#8220; header_text_color=&#8220;#ff6317&#8243; header_font_size=&#8220;2.65em&#8220; header_letter_spacing=&#8220;-0.03em&#8220; background_enable_color=&#8220;off&#8220; custom_margin=&#8220;4vh||||false|false&#8220; custom_padding=&#8220;||||false|false&#8220;]<\/p>\n<h1>Fertigung &#8211; Kundenspezifische Software L\u00f6sungen<\/h1>\n<p>[\/et_pb_text][et_pb_text _builder_version=&#8220;4.7.7&#8243; text_font=&#8220;|300|||||||&#8220; text_text_color=&#8220;#ffffff&#8220; text_font_size=&#8220;1em&#8220; quote_font=&#8220;||||||||&#8220; quote_text_align=&#8220;left&#8220; quote_font_size=&#8220;1em&#8220; header_4_font=&#8220;||||||||&#8220; header_4_font_size=&#8220;1.1em&#8220; header_4_letter_spacing=&#8220;-0.02em&#8220; header_4_line_height=&#8220;1.5em&#8220; header_5_font=&#8220;||||||||&#8220; header_5_font_size=&#8220;1em&#8220; header_5_line_height=&#8220;1.5em&#8220; custom_margin=&#8220;1vw||||false|false&#8220; custom_padding=&#8220;0px|||||&#8220; hover_enabled=&#8220;0&#8243; sticky_enabled=&#8220;0&#8243;]<\/p>\n<p>Bei Berg Software entwickeln wir <span style=\"color: #ffffff;\"><a href=\"berg-software.com\" style=\"color: #ffffff;\">ma\u00dfgeschneiderte Softwarel\u00f6sungen<\/a> <\/span>f\u00fcr Unternehmen in der Industrie der Fertigung.<\/p>\n<p>[\/et_pb_text][\/et_pb_column][et_pb_column type=&#8220;1_2&#8243; _builder_version=&#8220;4.4.1&#8243;][\/et_pb_column][\/et_pb_row][\/et_pb_section][et_pb_section fb_built=&#8220;1&#8243; admin_label=&#8220;What we do&#8220; _builder_version=&#8220;4.7.7&#8243; module_alignment=&#8220;center&#8220; min_height=&#8220;775.5px&#8220; custom_margin=&#8220;||-79px||false|false&#8220; custom_padding=&#8220;2vw||0px||false|false&#8220; border_color_bottom=&#8220;rgba(0,0,0,0)&#8220; locked=&#8220;off&#8220;][et_pb_row _builder_version=&#8220;4.7.7&#8243; _module_preset=&#8220;default&#8220;][et_pb_column type=&#8220;4_4&#8243; _builder_version=&#8220;4.7.7&#8243; _module_preset=&#8220;default&#8220;][et_pb_text _builder_version=&#8220;4.7.7&#8243; text_font_size=&#8220;1em&#8220; header_text_align=&#8220;left&#8220; header_text_color=&#8220;#ffffff&#8220; header_2_font=&#8220;||||||||&#8220; header_2_text_align=&#8220;left&#8220; header_2_text_color=&#8220;#ff6317&#8243; header_2_font_size=&#8220;1.8em&#8220; module_alignment=&#8220;left&#8220; custom_margin=&#8220;||||false|false&#8220; custom_padding=&#8220;2vw||||false|false&#8220;]<\/p>\n<h2>Smart Factories sind die Zukunft der Fertigungsindustrie _<\/h2>\n<p>[\/et_pb_text][\/et_pb_column][\/et_pb_row][et_pb_row use_custom_gutter=&#8220;on&#8220; gutter_width=&#8220;2&#8243; _builder_version=&#8220;4.7.7&#8243; module_alignment=&#8220;center&#8220; custom_margin=&#8220;-5px|auto||auto|false|false&#8220; custom_padding=&#8220;||||false|false&#8220;][et_pb_column type=&#8220;4_4&#8243; _builder_version=&#8220;4.4.1&#8243;][et_pb_text _builder_version=&#8220;4.7.7&#8243; text_font=&#8220;|300|||||||&#8220; text_font_size=&#8220;1em&#8220; quote_font=&#8220;||||||||&#8220; quote_text_align=&#8220;left&#8220; quote_font_size=&#8220;1em&#8220; header_4_font=&#8220;||||||||&#8220; header_4_font_size=&#8220;1.1em&#8220; header_4_letter_spacing=&#8220;-0.02em&#8220; header_4_line_height=&#8220;1.5em&#8220; header_5_font=&#8220;||||||||&#8220; header_5_font_size=&#8220;1em&#8220; header_5_line_height=&#8220;1.5em&#8220; custom_margin=&#8220;1vw||||false|false&#8220; custom_padding=&#8220;0px|||||&#8220;]Die Fertigungsindustrie hat in den letzten Jahren gro\u00dfe Ver\u00e4nderungen erlebt, da die Unternehmen in diesem Bereich begonnen haben, Technologien zur Verbesserung ihrer Arbeitsabl\u00e4ufe einzusetzen. <strong>Industrie 4.0<\/strong> revolutioniert die Art und Weise, wie Unternehmen arbeiten. <strong>Smart Factories<\/strong> sind die Zukunft dieser Branche, und Unternehmen, die sich die neuesten Innovationen zunutze machen, k\u00f6nnen ihre t\u00e4glichen Abl\u00e4ufe erheblich verbessern. Smart Factories nutzen die <strong>Automatisierung<\/strong>, um viele sich wiederholende Aufgaben zu ersetzen, die Produktivit\u00e4t der Anlage zu steigern und die hohe Qualit\u00e4t ihrer Produkte zu gew\u00e4hrleisten.<\/p>\n<p>Zu den Vorteilen der Automatisierung geh\u00f6ren:<\/p>\n<ul>\n<li>Erheblich niedrigere Betriebskosten;<\/li>\n<li>Verbesserte Genauigkeit durch den Wegfall manueller Aufgaben;<\/li>\n<li>Erh\u00f6hte Effizienz der Anlage;<\/li>\n<li>Verbesserte Sicherheit und Qualit\u00e4tskontrolle;<\/li>\n<li>Echtzeit-Einsichten;<\/li>\n<li>Leichtere Produktverfolgung;<\/li>\n<li>Bessere Zusammenarbeit zwischen verschiedenen Abteilungen;<\/li>\n<li>Erh\u00f6hte Flexibilit\u00e4t;<\/li>\n<li>Verbesserte Produktivit\u00e4t;<\/li>\n<li>Bessere Kundenerfahrung.<\/li>\n<\/ul>\n<p>[\/et_pb_text][\/et_pb_column][\/et_pb_row][et_pb_row _builder_version=&#8220;4.7.7&#8243; _module_preset=&#8220;default&#8220;][et_pb_column type=&#8220;4_4&#8243; _builder_version=&#8220;4.7.7&#8243; _module_preset=&#8220;default&#8220;][et_pb_text _builder_version=&#8220;4.7.7&#8243; text_font_size=&#8220;1em&#8220; header_text_align=&#8220;left&#8220; header_text_color=&#8220;#ffffff&#8220; header_2_font=&#8220;||||||||&#8220; header_2_text_align=&#8220;left&#8220; header_2_text_color=&#8220;#ff6317&#8243; header_2_font_size=&#8220;1.8em&#8220; module_alignment=&#8220;left&#8220; custom_margin=&#8220;||1px||false|false&#8220; custom_padding=&#8220;2vw||||false|false&#8220;]<\/p>\n<h2 style=\"text-align: center;\"><span style=\"color: #000000;\">Sind Sie auf der Suche nach Experten f\u00fcr die Entwicklung von Fertigungssoftware?\u00a0<\/span><\/h2>\n<p>[\/et_pb_text][et_pb_button button_url=&#8220;\/contact&#8220; button_text=&#8220;Kontaktieren Sie uns&#8220; button_alignment=&#8220;center&#8220; _builder_version=&#8220;4.7.7&#8243; custom_button=&#8220;on&#8220; button_text_size=&#8220;1.25em&#8220; button_text_color=&#8220;#ffffff&#8220; button_bg_color=&#8220;#ff6317&#8243; button_border_width=&#8220;0px&#8220; button_border_radius=&#8220;0.5em&#8220; button_use_icon=&#8220;off&#8220; custom_margin=&#8220;2vh||||false|false&#8220; custom_padding=&#8220;||||false|false&#8220;][\/et_pb_button][et_pb_text _builder_version=&#8220;4.7.7&#8243; text_font_size=&#8220;1em&#8220; header_text_align=&#8220;left&#8220; header_text_color=&#8220;#ffffff&#8220; header_2_font=&#8220;||||||||&#8220; header_2_text_align=&#8220;left&#8220; header_2_text_color=&#8220;#ff6317&#8243; header_2_font_size=&#8220;1.8em&#8220; module_alignment=&#8220;left&#8220; custom_margin=&#8220;||||false|false&#8220; custom_padding=&#8220;2vw||||false|false&#8220;]<\/p>\n<h2>Wir entwickeln ma\u00dfgeschneiderte Softwarel\u00f6sungen f\u00fcr Fertigungsunternehmen _<\/h2>\n<p>[\/et_pb_text][\/et_pb_column][\/et_pb_row][et_pb_row use_custom_gutter=&#8220;on&#8220; gutter_width=&#8220;2&#8243; _builder_version=&#8220;4.7.7&#8243; module_alignment=&#8220;center&#8220; custom_margin=&#8220;-5px|auto||auto|false|false&#8220; custom_padding=&#8220;||||false|false&#8220;][et_pb_column type=&#8220;4_4&#8243; _builder_version=&#8220;4.4.1&#8243;][et_pb_text _builder_version=&#8220;4.7.7&#8243; text_font=&#8220;|300|||||||&#8220; text_font_size=&#8220;1em&#8220; quote_font=&#8220;||||||||&#8220; quote_text_align=&#8220;left&#8220; quote_font_size=&#8220;1em&#8220; header_4_font=&#8220;||||||||&#8220; header_4_font_size=&#8220;1.1em&#8220; header_4_letter_spacing=&#8220;-0.02em&#8220; header_4_line_height=&#8220;1.5em&#8220; header_5_font=&#8220;||||||||&#8220; header_5_font_size=&#8220;1em&#8220; header_5_line_height=&#8220;1.5em&#8220; custom_margin=&#8220;1vw||||false|false&#8220; custom_padding=&#8220;0px|||||&#8220;]Berg Software entwickelt <a href=\"https:\/\/arobs.com\/\">ma\u00dfgeschneiderte L\u00f6sungen<\/a> f\u00fcr Hersteller, die ihnen helfen, ihre Prozesse zu automatisieren, die h\u00f6chste Qualit\u00e4t ihrer Dienstleistungen zu gew\u00e4hrleisten und mit den neuesten Innovationen in diesem Bereich Schritt zu halten.<\/p>\n<p>Unser Fachwissen umfasst:<\/p>\n<ul>\n<li>\u00dcberwachung und Automatisierung der Produktion;<\/li>\n<li>Verwaltung der Ausr\u00fcstung;<\/li>\n<li>Auftragsverwaltung;<\/li>\n<li>Ressourcenplanung;<\/li>\n<li>Verwaltung der Arbeitskr\u00e4fte.<\/li>\n<\/ul>\n<p>[\/et_pb_text][et_pb_text _builder_version=&#8220;4.7.7&#8243; text_font_size=&#8220;1em&#8220; header_text_align=&#8220;left&#8220; header_text_color=&#8220;#ffffff&#8220; header_2_font=&#8220;||||||||&#8220; header_2_text_align=&#8220;left&#8220; header_2_text_color=&#8220;#ff6317&#8243; header_2_font_size=&#8220;1.8em&#8220; module_alignment=&#8220;left&#8220; custom_margin=&#8220;||1px||false|false&#8220; custom_padding=&#8220;2vw||||false|false&#8220;]<\/p>\n<h2 style=\"text-align: center;\"><span style=\"color: #000000;\">Sind Sie auf der Suche nach Experten f\u00fcr die Entwicklung von Fertigungssoftware?\u00a0<\/span><\/h2>\n<p>[\/et_pb_text][et_pb_button button_url=&#8220;\/contact&#8220; button_text=&#8220;Kontaktieren Sie uns&#8220; button_alignment=&#8220;center&#8220; _builder_version=&#8220;4.7.7&#8243; custom_button=&#8220;on&#8220; button_text_size=&#8220;1.25em&#8220; button_text_color=&#8220;#ffffff&#8220; button_bg_color=&#8220;#ff6317&#8243; button_border_width=&#8220;0px&#8220; button_border_radius=&#8220;0.5em&#8220; button_use_icon=&#8220;off&#8220; custom_margin=&#8220;2vh||||false|false&#8220; custom_padding=&#8220;||||false|false&#8220;][\/et_pb_button][\/et_pb_column][\/et_pb_row][et_pb_row use_custom_gutter=&#8220;on&#8220; gutter_width=&#8220;3&#8243; make_equal=&#8220;on&#8220; admin_label=&#8220;Services&#8220; _builder_version=&#8220;4.7.7&#8243; background_enable_color=&#8220;off&#8220; custom_margin=&#8220;||||false|false&#8220; custom_padding=&#8220;0vh||||false|false&#8220; custom_css_main_element=&#8220;align-items: center;&#8220; locked=&#8220;off&#8220;][et_pb_column type=&#8220;4_4&#8243; _builder_version=&#8220;3.25&#8243; custom_padding=&#8220;|||&#8220; custom_padding__hover=&#8220;|||&#8220;][\/et_pb_column][\/et_pb_row][\/et_pb_section][et_pb_section fb_built=&#8220;1&#8243; _builder_version=&#8220;4.7.7&#8243; _module_preset=&#8220;default&#8220;][et_pb_row _builder_version=&#8220;4.7.7&#8243; _module_preset=&#8220;default&#8220;][et_pb_column type=&#8220;4_4&#8243; _builder_version=&#8220;4.7.7&#8243; _module_preset=&#8220;default&#8220;][et_pb_text _builder_version=&#8220;4.7.7&#8243; text_font_size=&#8220;1em&#8220; header_text_align=&#8220;left&#8220; header_text_color=&#8220;#ffffff&#8220; header_2_font=&#8220;||||||||&#8220; header_2_text_align=&#8220;left&#8220; header_2_text_color=&#8220;#ff6317&#8243; header_2_font_size=&#8220;1.8em&#8220; module_alignment=&#8220;left&#8220; custom_margin=&#8220;||||false|false&#8220; custom_padding=&#8220;2vw||||false|false&#8220;]<\/p>\n<h2>Warum Berg Software f\u00fcr kundenspezifische Softwareentwicklung f\u00fcr die Fertigung _<\/h2>\n<p>[\/et_pb_text][\/et_pb_column][\/et_pb_row][et_pb_row use_custom_gutter=&#8220;on&#8220; gutter_width=&#8220;2&#8243; _builder_version=&#8220;4.7.7&#8243; module_alignment=&#8220;center&#8220; custom_margin=&#8220;-5px|auto||auto|false|false&#8220; custom_padding=&#8220;||||false|false&#8220;][et_pb_column type=&#8220;4_4&#8243; _builder_version=&#8220;4.4.1&#8243;][et_pb_text _builder_version=&#8220;4.7.7&#8243; text_font=&#8220;|300|||||||&#8220; text_font_size=&#8220;1em&#8220; quote_font=&#8220;||||||||&#8220; quote_text_align=&#8220;left&#8220; quote_font_size=&#8220;1em&#8220; header_4_font=&#8220;||||||||&#8220; header_4_font_size=&#8220;1.1em&#8220; header_4_letter_spacing=&#8220;-0.02em&#8220; header_4_line_height=&#8220;1.5em&#8220; header_5_font=&#8220;||||||||&#8220; header_5_font_size=&#8220;1em&#8220; header_5_line_height=&#8220;1.5em&#8220; custom_margin=&#8220;1vw||||false|false&#8220; custom_padding=&#8220;0px|||||&#8220;]Unser Ziel ist es, Fertigungsunternehmen dabei zu helfen, produktiver und effizienter zu werden. Wir nutzen Technologien der n\u00e4chsten Generation wie SAP, die Cloud, IoT und Webtechnologien, um die Entwicklung von Smart Factories zu unterst\u00fctzen.<\/p>\n<p>Wir entwickeln L\u00f6sungen, die:<\/p>\n<ul>\n<li>Unterst\u00fctzen die Kernprozesse des Unternehmens;<\/li>\n<li>Sind einfach zu bedienen;<\/li>\n<li>Automatisieren manuelle, sich wiederholende Aufgaben;<\/li>\n<li>Helfen Ihnen, Zeit und Ressourcen zu sparen.<\/li>\n<\/ul>\n<p>Unser Team hat mit mehreren Fertigungsunternehmen zusammengearbeitet, sowohl auf lokaler als auch auf internationaler Ebene. Alle unsere Kooperationen beruhen auf den folgenden Grunds\u00e4tzen:<\/p>\n<ul>\n<li>Wir entwickeln langfristige Partnerschaften;<\/li>\n<li>Wir helfen unseren Kunden in allen Entwicklungsphasen, von der Auswahl der am besten geeigneten L\u00f6sung f\u00fcr ihre Bed\u00fcrfnisse bis hin zur Unterst\u00fctzung nach der Einf\u00fchrung;<\/li>\n<li>F\u00fcr jedes Projekt stellen wir ein spezialisiertes Team aus Experten zusammen, die sowohl \u00fcber das technische Fachwissen als auch \u00fcber das Branchen-Know-how verf\u00fcgen, um die bestm\u00f6glichen Ergebnisse zu erzielen.<\/li>\n<\/ul>\n<p>[\/et_pb_text][et_pb_text _builder_version=&#8220;4.7.7&#8243; text_font_size=&#8220;1em&#8220; header_text_align=&#8220;left&#8220; header_text_color=&#8220;#ffffff&#8220; header_2_font=&#8220;||||||||&#8220; header_2_text_align=&#8220;left&#8220; header_2_text_color=&#8220;#ff6317&#8243; header_2_font_size=&#8220;1.8em&#8220; module_alignment=&#8220;left&#8220; custom_margin=&#8220;||1px||false|false&#8220; custom_padding=&#8220;2vw||||false|false&#8220;]<\/p>\n<h2 style=\"text-align: center;\"><span style=\"color: #000000;\">Sind Sie auf der Suche nach Experten f\u00fcr die Entwicklung von Fertigungssoftware?\u00a0<\/span><\/h2>\n<p>[\/et_pb_text][et_pb_button button_url=&#8220;\/contact&#8220; button_text=&#8220;Kontaktieren Sie uns&#8220; button_alignment=&#8220;center&#8220; _builder_version=&#8220;4.7.7&#8243; custom_button=&#8220;on&#8220; button_text_size=&#8220;1.25em&#8220; button_text_color=&#8220;#ffffff&#8220; button_bg_color=&#8220;#ff6317&#8243; button_border_width=&#8220;0px&#8220; button_border_radius=&#8220;0.5em&#8220; button_use_icon=&#8220;off&#8220; custom_margin=&#8220;2vh||||false|false&#8220; custom_padding=&#8220;||||false|false&#8220;][\/et_pb_button][\/et_pb_column][\/et_pb_row][\/et_pb_section][et_pb_section fb_built=&#8220;1&#8243; _builder_version=&#8220;4.7.7&#8243; min_height=&#8220;670.5px&#8220; custom_padding=&#8220;60px||0px||false|false&#8220;][et_pb_row _builder_version=&#8220;4.4.1&#8243; module_alignment=&#8220;center&#8220; custom_margin=&#8220;||||false|false&#8220; custom_padding=&#8220;||||false|false&#8220; border_width_top=&#8220;1px&#8220; border_color_top=&#8220;#ff6317&#8243;][et_pb_column type=&#8220;4_4&#8243; _builder_version=&#8220;4.4.1&#8243;][et_pb_text _builder_version=&#8220;4.7.7&#8243; text_font_size=&#8220;1em&#8220; header_text_align=&#8220;left&#8220; header_text_color=&#8220;#ffffff&#8220; header_2_font=&#8220;||||||||&#8220; header_2_text_align=&#8220;left&#8220; header_2_text_color=&#8220;#ff6317&#8243; header_2_font_size=&#8220;1.8em&#8220; module_alignment=&#8220;left&#8220; custom_margin=&#8220;||||false|false&#8220; custom_padding=&#8220;2vw||||false|false&#8220;]<\/p>\n<h2>Sehen Sie sich einige unserer fr\u00fcheren Fertigungsprojekte an\uff3f<\/h2>\n<p>[\/et_pb_text][\/et_pb_column][\/et_pb_row][et_pb_row use_custom_gutter=&#8220;on&#8220; make_equal=&#8220;on&#8220; _builder_version=&#8220;4.7.7&#8243;][et_pb_column type=&#8220;4_4&#8243; _builder_version=&#8220;4.4.1&#8243;][et_pb_blog fullwidth=&#8220;off&#8220; posts_number=&#8220;3&#8243; include_categories=&#8220;923&#8243; _builder_version=&#8220;4.7.7&#8243; _module_preset=&#8220;default&#8220; width=&#8220;100%&#8220; custom_padding=&#8220;||0px|||&#8220;][\/et_pb_blog][\/et_pb_column][\/et_pb_row][\/et_pb_section][et_pb_section fb_built=&#8220;1&#8243; _builder_version=&#8220;4.4.1&#8243; min_height=&#8220;818.5px&#8220; custom_padding=&#8220;0px||50px||false|false&#8220;][et_pb_row _builder_version=&#8220;4.4.1&#8243; module_alignment=&#8220;center&#8220; custom_margin=&#8220;||||false|false&#8220; custom_padding=&#8220;||||false|false&#8220; border_width_top=&#8220;1px&#8220; border_color_top=&#8220;#ff6317&#8243;][et_pb_column type=&#8220;4_4&#8243; _builder_version=&#8220;4.4.1&#8243;][et_pb_text _builder_version=&#8220;4.7.7&#8243; text_font_size=&#8220;1em&#8220; header_text_align=&#8220;left&#8220; header_text_color=&#8220;#ffffff&#8220; header_2_font=&#8220;||||||||&#8220; header_2_text_align=&#8220;left&#8220; header_2_text_color=&#8220;#ff6317&#8243; header_2_font_size=&#8220;1.8em&#8220; module_alignment=&#8220;left&#8220; custom_margin=&#8220;||||false|false&#8220; custom_padding=&#8220;2vw||||false|false&#8220;]<\/p>\n<h2>Neueste Einblicke\uff3f<\/h2>\n<p>[\/et_pb_text][\/et_pb_column][\/et_pb_row][et_pb_row use_custom_gutter=&#8220;on&#8220; make_equal=&#8220;on&#8220; _builder_version=&#8220;4.4.1&#8243;][et_pb_column type=&#8220;4_4&#8243; _builder_version=&#8220;4.4.1&#8243;][et_pb_blog fullwidth=&#8220;off&#8220; posts_number=&#8220;3&#8243; include_categories=&#8220;14,11,3,6,4&#8243; show_more=&#8220;on&#8220; show_author=&#8220;off&#8220; show_date=&#8220;off&#8220; show_categories=&#8220;off&#8220; show_pagination=&#8220;off&#8220; offset_number=&#8220;6&#8243; module_class=&#8220;et_blog_grid_equal_height&#8220; _builder_version=&#8220;4.4.1&#8243; header_font=&#8220;||||||||&#8220; header_font_size=&#8220;1.5em&#8220; header_letter_spacing=&#8220;-0.02em&#8220; body_font=&#8220;|300|||||||&#8220; body_font_size=&#8220;1em&#8220; meta_font_size=&#8220;1em&#8220; meta_line_height=&#8220;3em&#8220; read_more_font_size=&#8220;1em&#8220; read_more_line_height=&#8220;3em&#8220; custom_margin=&#8220;1vw||||false|false&#8220; border_width_all=&#8220;0px&#8220; border_color_all=&#8220;rgba(0,0,0,0)&#8220;][\/et_pb_blog][\/et_pb_column][\/et_pb_row][\/et_pb_section]<\/p>\n","protected":false},"excerpt":{"rendered":"<p>[et_pb_section fb_built=&#8220;1&#8243; admin_label=&#8220;Intro&#8220; _builder_version=&#8220;4.7.7&#8243; background_color=&#8220;#e8e8e8&#8243; background_image=&#8220;https:\/\/www.berg-software.com\/wp-content\/uploads\/manufacturing_copy.png&#8220; parallax=&#8220;on&#8220; background_enable_video_mp4=&#8220;off&#8220; min_height=&#8220;55vh&#8220; custom_margin=&#8220;||-38px|||&#8220; custom_padding=&#8220;14vh||6vh||false|false&#8220; hover_enabled=&#8220;0&#8243; border_color_bottom=&#8220;rgba(0,0,0,0)&#8220; locked=&#8220;off&#8220; alt=&#8220;manufacturing&#8220; title_text=&#8220;manufacturing_copy&#8220; sticky_enabled=&#8220;0&#8243;][et_pb_row column_structure=&#8220;1_2,1_2&#8243; _builder_version=&#8220;4.7.7&#8243; custom_margin=&#8220;|auto|-183px|auto||&#8220; custom_padding=&#8220;||224px||false|false&#8220;][et_pb_column type=&#8220;1_2&#8243; _builder_version=&#8220;4.4.1&#8243;][et_pb_text _builder_version=&#8220;4.7.7&#8243; text_font_size=&#8220;1em&#8220; header_font=&#8220;|300|||||||&#8220; header_text_align=&#8220;left&#8220; header_text_color=&#8220;#ff6317&#8243; header_font_size=&#8220;2.65em&#8220; header_letter_spacing=&#8220;-0.03em&#8220; background_enable_color=&#8220;off&#8220; custom_margin=&#8220;4vh||||false|false&#8220; custom_padding=&#8220;||||false|false&#8220;] Fertigung &#8211; Kundenspezifische Software L\u00f6sungen [\/et_pb_text][et_pb_text _builder_version=&#8220;4.7.7&#8243; text_font=&#8220;|300|||||||&#8220; text_text_color=&#8220;#ffffff&#8220; text_font_size=&#8220;1em&#8220; quote_font=&#8220;||||||||&#8220; quote_text_align=&#8220;left&#8220; quote_font_size=&#8220;1em&#8220; header_4_font=&#8220;||||||||&#8220; header_4_font_size=&#8220;1.1em&#8220; header_4_letter_spacing=&#8220;-0.02em&#8220; header_4_line_height=&#8220;1.5em&#8220; header_5_font=&#8220;||||||||&#8220; header_5_font_size=&#8220;1em&#8220; header_5_line_height=&#8220;1.5em&#8220; custom_margin=&#8220;1vw||||false|false&#8220; custom_padding=&#8220;0px|||||&#8220; [&hellip;]<\/p>\n","protected":false},"author":27,"featured_media":10286,"parent":0,"menu_order":0,"comment_status":"closed","ping_status":"closed","template":"","meta":{"_et_pb_use_builder":"on","_et_pb_old_content":"","_et_gb_content_width":"","footnotes":""},"class_list":["post-10268","page","type-page","status-publish","has-post-thumbnail","hentry"],"yoast_head":"<!-- This site is optimized with the Yoast SEO Premium plugin v16.1.1 - https:\/\/yoast.com\/wordpress\/plugins\/seo\/ -->\n<title>Fertigung \u2013 Kundenspezifische Software L\u00f6sungen | Berg Software<\/title>\n<meta name=\"description\" content=\"3:43 PMBei Berg Software entwickeln wir ma\u00dfgeschneiderte Softwarel\u00f6sungen f\u00fcr Unternehmen in der Industrie der Fertigung.\" \/>\n<link rel=\"canonical\" href=\"https:\/\/www.berg-software.com\/de\/fertigung\/\" \/>\n<meta property=\"og:locale\" content=\"de_DE\" \/>\n<meta property=\"og:type\" content=\"article\" \/>\n<meta property=\"og:title\" content=\"Fertigung \u2013 Kundenspezifische Software L\u00f6sungen | Berg Software\" \/>\n<meta property=\"og:description\" content=\"3:43 PMBei Berg Software entwickeln wir ma\u00dfgeschneiderte Softwarel\u00f6sungen f\u00fcr Unternehmen in der Industrie der Fertigung.\" \/>\n<meta property=\"og:url\" content=\"https:\/\/www.berg-software.com\/de\/fertigung\/\" \/>\n<meta property=\"og:site_name\" content=\"Berg Software\" \/>\n<meta property=\"article:publisher\" content=\"https:\/\/www.facebook.com\/bergCOMPUTERS\/\" \/>\n<meta property=\"article:modified_time\" content=\"2022-07-14T13:09:05+00:00\" \/>\n<meta property=\"og:image\" content=\"https:\/\/www.berg-software.com\/wp-content\/uploads\/manufacturing_copy.png\" \/>\n\t<meta property=\"og:image:width\" content=\"1800\" \/>\n\t<meta property=\"og:image:height\" content=\"900\" \/>\n<meta name=\"twitter:card\" content=\"summary_large_image\" \/>\n<meta name=\"twitter:site\" content=\"@berg_software\" \/>\n<meta name=\"twitter:label1\" content=\"Gesch\u00e4tzte Lesezeit\">\n\t<meta name=\"twitter:data1\" content=\"4 Minuten\">\n<script type=\"application\/ld+json\" class=\"yoast-schema-graph\">{\"@context\":\"https:\/\/schema.org\",\"@graph\":[{\"@type\":\"Organization\",\"@id\":\"https:\/\/www.berg-software.com\/de\/#organization\",\"name\":\"Berg Software\",\"url\":\"https:\/\/www.berg-software.com\/de\/\",\"sameAs\":[\"https:\/\/www.facebook.com\/bergCOMPUTERS\/\",\"https:\/\/www.instagram.com\/berg_software\/\",\"https:\/\/www.linkedin.com\/company\/berg-computers-srl\/\",\"https:\/\/www.youtube.com\/channel\/UCw1FfcRJnC-CoKPwlcM10Iw\",\"https:\/\/twitter.com\/berg_software\"],\"logo\":{\"@type\":\"ImageObject\",\"@id\":\"https:\/\/www.berg-software.com\/de\/#logo\",\"inLanguage\":\"de-DE\",\"url\":\"https:\/\/berg-software.com\/wp-content\/uploads\/berg-software-logo.png\",\"contentUrl\":\"https:\/\/berg-software.com\/wp-content\/uploads\/berg-software-logo.png\",\"width\":512,\"height\":512,\"caption\":\"Berg Software\"},\"image\":{\"@id\":\"https:\/\/www.berg-software.com\/de\/#logo\"}},{\"@type\":\"WebSite\",\"@id\":\"https:\/\/www.berg-software.com\/de\/#website\",\"url\":\"https:\/\/www.berg-software.com\/de\/\",\"name\":\"Berg Software\",\"description\":\"We turn ideas into software.\",\"publisher\":{\"@id\":\"https:\/\/www.berg-software.com\/de\/#organization\"},\"potentialAction\":[{\"@type\":\"SearchAction\",\"target\":\"https:\/\/www.berg-software.com\/de\/?s={search_term_string}\",\"query-input\":\"required name=search_term_string\"}],\"inLanguage\":\"de-DE\"},{\"@type\":\"ImageObject\",\"@id\":\"https:\/\/www.berg-software.com\/de\/fertigung\/#primaryimage\",\"inLanguage\":\"de-DE\",\"url\":\"https:\/\/www.berg-software.com\/wp-content\/uploads\/manufacturing_copy.png\",\"contentUrl\":\"https:\/\/www.berg-software.com\/wp-content\/uploads\/manufacturing_copy.png\",\"width\":1800,\"height\":900,\"caption\":\"manufacturing\"},{\"@type\":\"WebPage\",\"@id\":\"https:\/\/www.berg-software.com\/de\/fertigung\/#webpage\",\"url\":\"https:\/\/www.berg-software.com\/de\/fertigung\/\",\"name\":\"Fertigung \\u2013 Kundenspezifische Software L\\u00f6sungen | Berg Software\",\"isPartOf\":{\"@id\":\"https:\/\/www.berg-software.com\/de\/#website\"},\"primaryImageOfPage\":{\"@id\":\"https:\/\/www.berg-software.com\/de\/fertigung\/#primaryimage\"},\"datePublished\":\"2022-07-14T08:13:47+00:00\",\"dateModified\":\"2022-07-14T13:09:05+00:00\",\"description\":\"3:43 PMBei Berg Software entwickeln wir ma\\u00dfgeschneiderte Softwarel\\u00f6sungen f\\u00fcr Unternehmen in der Industrie der Fertigung.\",\"breadcrumb\":{\"@id\":\"https:\/\/www.berg-software.com\/de\/fertigung\/#breadcrumb\"},\"inLanguage\":\"de-DE\",\"potentialAction\":[{\"@type\":\"ReadAction\",\"target\":[\"https:\/\/www.berg-software.com\/de\/fertigung\/\"]}]},{\"@type\":\"BreadcrumbList\",\"@id\":\"https:\/\/www.berg-software.com\/de\/fertigung\/#breadcrumb\",\"itemListElement\":[{\"@type\":\"ListItem\",\"position\":1,\"item\":{\"@type\":\"WebPage\",\"@id\":\"https:\/\/www.berg-software.com\/de\/\",\"url\":\"https:\/\/www.berg-software.com\/de\/\",\"name\":\"Home\"}},{\"@type\":\"ListItem\",\"position\":2,\"item\":{\"@type\":\"WebPage\",\"@id\":\"https:\/\/www.berg-software.com\/de\/fertigung\/\",\"url\":\"https:\/\/www.berg-software.com\/de\/fertigung\/\",\"name\":\"Fertigung\"}}]}]}<\/script>\n<!-- \/ Yoast SEO Premium plugin. -->","_links":{"self":[{"href":"https:\/\/www.berg-software.com\/de\/wp-json\/wp\/v2\/pages\/10268","targetHints":{"allow":["GET"]}}],"collection":[{"href":"https:\/\/www.berg-software.com\/de\/wp-json\/wp\/v2\/pages"}],"about":[{"href":"https:\/\/www.berg-software.com\/de\/wp-json\/wp\/v2\/types\/page"}],"author":[{"embeddable":true,"href":"https:\/\/www.berg-software.com\/de\/wp-json\/wp\/v2\/users\/27"}],"replies":[{"embeddable":true,"href":"https:\/\/www.berg-software.com\/de\/wp-json\/wp\/v2\/comments?post=10268"}],"version-history":[{"count":0,"href":"https:\/\/www.berg-software.com\/de\/wp-json\/wp\/v2\/pages\/10268\/revisions"}],"wp:featuredmedia":[{"embeddable":true,"href":"https:\/\/www.berg-software.com\/de\/wp-json\/wp\/v2\/media\/10286"}],"wp:attachment":[{"href":"https:\/\/www.berg-software.com\/de\/wp-json\/wp\/v2\/media?parent=10268"}],"curies":[{"name":"wp","href":"https:\/\/api.w.org\/{rel}","templated":true}]}}