{"id":10270,"date":"2022-07-14T08:31:32","date_gmt":"2022-07-14T08:31:32","guid":{"rendered":"https:\/\/www.berg-software.com\/bueroautomatisierung\/"},"modified":"2022-07-14T13:19:26","modified_gmt":"2022-07-14T13:19:26","slug":"bueroautomatisierung","status":"publish","type":"page","link":"https:\/\/www.berg-software.com\/de\/bueroautomatisierung\/","title":{"rendered":"B\u00fcroautomatisierung"},"content":{"rendered":"<p>[et_pb_section fb_built=&#8220;1&#8243; admin_label=&#8220;Intro&#8220; _builder_version=&#8220;4.7.7&#8243; background_color=&#8220;#e8e8e8&#8243; background_image=&#8220;https:\/\/www.berg-software.com\/wp-content\/uploads\/office_copy.png&#8220; parallax=&#8220;on&#8220; background_enable_video_mp4=&#8220;off&#8220; min_height=&#8220;55vh&#8220; custom_margin=&#8220;||-38px|||&#8220; custom_padding=&#8220;5vh||6vh||false|false&#8220; hover_enabled=&#8220;0&#8243; border_color_bottom=&#8220;rgba(0,0,0,0)&#8220; locked=&#8220;off&#8220; alt=&#8220;office automation&#8220; title_text=&#8220;office automation&#8220; sticky_enabled=&#8220;0&#8243;][et_pb_row column_structure=&#8220;1_2,1_2&#8243; _builder_version=&#8220;4.7.7&#8243; min_height=&#8220;339.5px&#8220; custom_margin=&#8220;|auto|-183px|auto||&#8220; custom_padding=&#8220;||41px|0px|false|false&#8220;][et_pb_column type=&#8220;1_2&#8243; _builder_version=&#8220;4.4.1&#8243;][et_pb_text _builder_version=&#8220;4.7.7&#8243; text_font_size=&#8220;1em&#8220; header_font=&#8220;|300|||||||&#8220; header_text_align=&#8220;left&#8220; header_text_color=&#8220;#ff6317&#8243; header_font_size=&#8220;2.65em&#8220; header_letter_spacing=&#8220;-0.03em&#8220; background_enable_color=&#8220;off&#8220; width=&#8220;95%&#8220; custom_margin=&#8220;4vh||||false|false&#8220; custom_padding=&#8220;||||false|false&#8220;]<\/p>\n<h1 style=\"line-height: 150%; margin: 10.0pt 0in 10.0pt 0in;\">Softwarel\u00f6sungen f\u00fcr die B\u00fcroautomatisierung<\/h1>\n<p>[\/et_pb_text][et_pb_text _builder_version=&#8220;4.7.7&#8243; text_font=&#8220;|300|||||||&#8220; text_text_color=&#8220;#ffffff&#8220; text_font_size=&#8220;1em&#8220; quote_font=&#8220;||||||||&#8220; quote_text_align=&#8220;left&#8220; quote_font_size=&#8220;1em&#8220; header_4_font=&#8220;||||||||&#8220; header_4_font_size=&#8220;1.1em&#8220; header_4_letter_spacing=&#8220;-0.02em&#8220; header_4_line_height=&#8220;1.5em&#8220; header_5_font=&#8220;||||||||&#8220; header_5_font_size=&#8220;1em&#8220; header_5_line_height=&#8220;1.5em&#8220; custom_margin=&#8220;1vw||||false|false&#8220; custom_padding=&#8220;0px|||||&#8220;]Bei Berg Software entwickeln wir <a href=\"https:\/\/www.berg-software.com\/de\/\"><span style=\"color: #ffffff;\">Softwarel\u00f6sungen<\/span>&nbsp;<\/a>f\u00fcr die B\u00fcroautomatisierung, die unsere Kunden bei der Speicherung, dem Austausch und der Verwaltung ihrer Daten unterst\u00fctzen. Wir verf\u00fcgen \u00fcber mehr als 20 Jahre Erfahrung in der Arbeit an Projekten zur B\u00fcroautomatisierung mit einer Reihe von technologie\u00fcbergreifenden L\u00f6sungen.[\/et_pb_text][\/et_pb_column][et_pb_column type=&#8220;1_2&#8243; _builder_version=&#8220;4.4.1&#8243;][\/et_pb_column][\/et_pb_row][\/et_pb_section][et_pb_section fb_built=&#8220;1&#8243; admin_label=&#8220;What we do&#8220; _builder_version=&#8220;4.7.7&#8243; module_alignment=&#8220;center&#8220; min_height=&#8220;673.5px&#8220; custom_margin=&#8220;||-79px||false|false&#8220; custom_padding=&#8220;0vw||0px||false|false&#8220; border_color_bottom=&#8220;rgba(0,0,0,0)&#8220; locked=&#8220;off&#8220;][et_pb_row _builder_version=&#8220;4.7.7&#8243; _module_preset=&#8220;default&#8220;][et_pb_column type=&#8220;4_4&#8243; _builder_version=&#8220;4.7.7&#8243; _module_preset=&#8220;default&#8220;][et_pb_text _builder_version=&#8220;4.7.7&#8243; text_font_size=&#8220;1em&#8220; header_text_align=&#8220;left&#8220; header_text_color=&#8220;#ffffff&#8220; header_2_font=&#8220;||||||||&#8220; header_2_text_align=&#8220;left&#8220; header_2_text_color=&#8220;#ff6317&#8243; header_2_font_size=&#8220;1.8em&#8220; module_alignment=&#8220;left&#8220; custom_margin=&#8220;0px||||false|false&#8220; custom_padding=&#8220;2vw||||false|false&#8220;]<\/p>\n<h2>Behalten Sie die Kontrolle \u00fcber Ihre Daten _<\/h2>\n<p>[\/et_pb_text][\/et_pb_column][\/et_pb_row][et_pb_row use_custom_gutter=&#8220;on&#8220; gutter_width=&#8220;2&#8243; _builder_version=&#8220;4.7.7&#8243; module_alignment=&#8220;center&#8220; custom_margin=&#8220;-5px|auto||auto|false|false&#8220; custom_padding=&#8220;||||false|false&#8220;][et_pb_column type=&#8220;4_4&#8243; _builder_version=&#8220;4.4.1&#8243;][et_pb_text _builder_version=&#8220;4.7.7&#8243; text_font=&#8220;|300|||||||&#8220; text_font_size=&#8220;1em&#8220; quote_font=&#8220;||||||||&#8220; quote_text_align=&#8220;left&#8220; quote_font_size=&#8220;1em&#8220; header_4_font=&#8220;||||||||&#8220; header_4_font_size=&#8220;1.1em&#8220; header_4_letter_spacing=&#8220;-0.02em&#8220; header_4_line_height=&#8220;1.5em&#8220; header_5_font=&#8220;||||||||&#8220; header_5_font_size=&#8220;1em&#8220; header_5_line_height=&#8220;1.5em&#8220; custom_margin=&#8220;1vw||||false|false&#8220; custom_padding=&#8220;0px|||||&#8220;]In einer Welt, in der die meisten Gesch\u00e4ftsvorg\u00e4nge in der digitalen Umgebung stattfinden, ist die Menge der Daten, auf die Unternehmen Zugriff haben, riesig. Viele Unternehmen haben jedoch noch keine L\u00f6sung implementiert, die ihnen hilft, diese Daten effizient zu speichern, zu analysieren und wertvolle Erkenntnisse daraus zu gewinnen. Auf dem Weg in die datengesteuerte Zukunft kann die sinnvolle Nutzung dieser Informationen und die Aussch\u00f6pfung ihres Potenzials Unternehmen einen enormen Vorteil gegen\u00fcber der Konkurrenz verschaffen.<\/p>\n<p>Hier kommt die <strong>B\u00fcroautomatisierung&nbsp;<\/strong>ins Spiel: Eine L\u00f6sung zur B\u00fcroautomatisierung kann Ihnen dabei helfen, Daten aus verschiedenen Quellen zu verarbeiten, sie zu analysieren und Informationen \u00fcber die t\u00e4glichen Aktivit\u00e4ten Ihres Unternehmens zu gewinnen.[\/et_pb_text][\/et_pb_column][\/et_pb_row][et_pb_row _builder_version=&#8220;4.7.7&#8243; _module_preset=&#8220;default&#8220;][et_pb_column type=&#8220;4_4&#8243; _builder_version=&#8220;4.7.7&#8243; _module_preset=&#8220;default&#8220;][et_pb_text _builder_version=&#8220;4.7.7&#8243; text_font_size=&#8220;1em&#8220; header_text_align=&#8220;left&#8220; header_text_color=&#8220;#ffffff&#8220; header_2_font=&#8220;||||||||&#8220; header_2_text_align=&#8220;left&#8220; header_2_text_color=&#8220;#ff6317&#8243; header_2_font_size=&#8220;1.8em&#8220; module_alignment=&#8220;left&#8220; min_height=&#8220;29px&#8220; custom_margin=&#8220;||||false|false&#8220; custom_padding=&#8220;0vw||||false|false&#8220;]<\/p>\n<h2 style=\"margin-top: 12.0pt; line-height: 115%;\">Warum brauchen Sie B\u00fcroautomatisierung?<\/h2>\n<p>[\/et_pb_text][\/et_pb_column][\/et_pb_row][et_pb_row use_custom_gutter=&#8220;on&#8220; gutter_width=&#8220;2&#8243; _builder_version=&#8220;4.7.7&#8243; module_alignment=&#8220;center&#8220; custom_margin=&#8220;-5px|auto||auto|false|false&#8220; custom_padding=&#8220;||||false|false&#8220;][et_pb_column type=&#8220;4_4&#8243; _builder_version=&#8220;4.4.1&#8243;][et_pb_text _builder_version=&#8220;4.7.7&#8243; text_font=&#8220;|300|||||||&#8220; text_font_size=&#8220;1em&#8220; quote_font=&#8220;||||||||&#8220; quote_text_align=&#8220;left&#8220; quote_font_size=&#8220;1em&#8220; header_4_font=&#8220;||||||||&#8220; header_4_font_size=&#8220;1.1em&#8220; header_4_letter_spacing=&#8220;-0.02em&#8220; header_4_line_height=&#8220;1.5em&#8220; header_5_font=&#8220;||||||||&#8220; header_5_font_size=&#8220;1em&#8220; header_5_line_height=&#8220;1.5em&#8220; custom_margin=&#8220;1vw||||false|false&#8220; custom_padding=&#8220;0px|||||&#8220;]<span data-preserver-spaces=\"true\">L\u00f6sungen zur <strong>B\u00fcroautomatisierung&nbsp;<\/strong>k\u00f6nnen die Funktionsweise von Organisationen neu gestalten, da sie zahlreiche positive Ver\u00e4nderungen in Ihren t\u00e4glichen Arbeitsabl\u00e4ufen bewirken. Diese L\u00f6sungen \u00fcbernehmen die Datenspeicherung, den Datenaustausch und die Datenverwaltung.<\/span><\/p>\n<p><span data-preserver-spaces=\"true\">Die wichtigsten Vorteile sind:<\/span><\/p>\n<ul>\n<li><span data-preserver-spaces=\"true\">Zahlreiche manuelle und redundante Aufgaben werden ersetzt.<\/span><\/li>\n<li><span data-preserver-spaces=\"true\">Daten aus verschiedenen Quellen werden mit Hilfe eines komplexen Systems an einem Ort gespeichert<\/span><\/li>\n<li><span data-preserver-spaces=\"true\">Sie k\u00f6nnen Daten aus verschiedenen Abteilungen (Finanzen, Marketing, Vertrieb usw.) speichern und analysieren, wodurch die Zusammenarbeit zwischen diesen Teams effizienter wird.<\/span><\/li>\n<li><span data-preserver-spaces=\"true\">Aktualisierungen in Echtzeit.<\/span><\/li>\n<li><span data-preserver-spaces=\"true\">Die mit der manuellen Arbeit verbundenen Fehlerrisiken verschwinden.<\/span><\/li>\n<li><span data-preserver-spaces=\"true\">Die Datenverarbeitungszeit wird erheblich verk\u00fcrzt.<\/span><\/li>\n<li><span data-preserver-spaces=\"true\">Der Zugang zu klaren Dateneinblicken kann Ihnen helfen, fundierte Gesch\u00e4ftsentscheidungen auf der Grundlage von Kennzahlen und Prognosen zu treffen.<\/span><\/li>\n<li><span data-preserver-spaces=\"true\">&nbsp;Die t\u00e4glichen Aktivit\u00e4ten laufen schneller und effizienter ab.<\/span><\/li>\n<\/ul>\n<p>[\/et_pb_text][\/et_pb_column][\/et_pb_row][et_pb_row use_custom_gutter=&#8220;on&#8220; gutter_width=&#8220;3&#8243; make_equal=&#8220;on&#8220; admin_label=&#8220;Services&#8220; _builder_version=&#8220;4.7.7&#8243; background_enable_color=&#8220;off&#8220; custom_margin=&#8220;||||false|false&#8220; custom_padding=&#8220;0vh||||false|false&#8220; custom_css_main_element=&#8220;align-items: center;&#8220; locked=&#8220;off&#8220;][et_pb_column type=&#8220;4_4&#8243; _builder_version=&#8220;3.25&#8243; custom_padding=&#8220;|||&#8220; custom_padding__hover=&#8220;|||&#8220;][et_pb_text _builder_version=&#8220;4.7.7&#8243; text_font_size=&#8220;1em&#8220; header_text_align=&#8220;left&#8220; header_text_color=&#8220;#ffffff&#8220; header_2_font=&#8220;||||||||&#8220; header_2_text_align=&#8220;left&#8220; header_2_text_color=&#8220;#ff6317&#8243; header_2_font_size=&#8220;1.8em&#8220; module_alignment=&#8220;left&#8220; custom_margin=&#8220;||1px||false|false&#8220; custom_padding=&#8220;2vw||||false|false&#8220;]<\/p>\n<h2 style=\"text-align: center;\"><span style=\"color: #000000;\">Suchen Sie nach Experten f\u00fcr Softwarel\u00f6sungen zur B\u00fcroautomatisierung?<\/span><\/h2>\n<p>[\/et_pb_text][et_pb_button button_url=&#8220;\/contact&#8220; button_text=&#8220;Kontaktieren Sie uns&#8220; button_alignment=&#8220;center&#8220; _builder_version=&#8220;4.7.7&#8243; custom_button=&#8220;on&#8220; button_text_size=&#8220;1.25em&#8220; button_text_color=&#8220;#ffffff&#8220; button_bg_color=&#8220;#ff6317&#8243; button_border_width=&#8220;0px&#8220; button_border_radius=&#8220;0.5em&#8220; button_use_icon=&#8220;off&#8220; custom_margin=&#8220;2vh||||false|false&#8220; custom_padding=&#8220;||||false|false&#8220;][\/et_pb_button][et_pb_text _builder_version=&#8220;4.7.7&#8243; text_font_size=&#8220;1em&#8220; header_text_align=&#8220;left&#8220; header_text_color=&#8220;#ffffff&#8220; header_2_font=&#8220;||||||||&#8220; header_2_text_align=&#8220;left&#8220; header_2_text_color=&#8220;#ff6317&#8243; header_2_font_size=&#8220;1.8em&#8220; module_alignment=&#8220;left&#8220; min_height=&#8220;79.2px&#8220; custom_padding=&#8220;2vw||||false|false&#8220;]<\/p>\n<h2>Warum Berg Software f\u00fcr B\u00fcroautomatisierung\uff3f<\/h2>\n<p>[\/et_pb_text][et_pb_text _builder_version=&#8220;4.7.7&#8243; text_font=&#8220;|300|||||||&#8220; text_font_size=&#8220;1em&#8220; quote_font=&#8220;||||||||&#8220; quote_text_align=&#8220;left&#8220; quote_font_size=&#8220;1em&#8220; header_4_font=&#8220;||||||||&#8220; header_4_font_size=&#8220;1.1em&#8220; header_4_letter_spacing=&#8220;-0.02em&#8220; header_4_line_height=&#8220;1.5em&#8220; header_5_font=&#8220;||||||||&#8220; header_5_font_size=&#8220;1em&#8220; header_5_line_height=&#8220;1.5em&#8220; min_height=&#8220;97px&#8220; custom_margin=&#8220;1vw||-1px||false|false&#8220; custom_padding=&#8220;0px|||||&#8220;]<span data-preserver-spaces=\"true\">Wir arbeiten mit den neuesten Technologien, um unseren Kunden zu helfen, ihre Prozesse zu verbessern und die vollst\u00e4ndige Kontrolle \u00fcber ihre Daten zu \u00fcbernehmen. Wir entwickeln <a href=\"https:\/\/arobs.com\/\">ma\u00dfgeschneiderte L\u00f6sungen<\/a>, die auf die besonderen Bed\u00fcrfnisse unserer Kunden zugeschnitten sind.<\/span><\/p>\n<p><span data-preserver-spaces=\"true\">Wir entwickeln L\u00f6sungen, die:<\/span><\/p>\n<ul>\n<li><span data-preserver-spaces=\"true\">Leicht zu verstehen und zu benutzen sind.<\/span><\/li>\n<li><span data-preserver-spaces=\"true\">Einen intuitiven Zugang zu Informationen bieten.<\/span><\/li>\n<li><span data-preserver-spaces=\"true\">Wertvolle Erkenntnisse liefern f\u00fcr Gesch\u00e4ftsentscheidungen in Echtzeit.<\/span><\/li>\n<li><span data-preserver-spaces=\"true\">Komplexe Berichtsfunktionen haben.<\/span><\/li>\n<\/ul>\n<p><span data-preserver-spaces=\"true\">Unser Fachwissen umfasst:<\/span><\/p>\n<ul>\n<li><span data-preserver-spaces=\"true\">Plattformen f\u00fcr den elektronischen Handel<\/span><\/li>\n<li><span data-preserver-spaces=\"true\">Auftragsverfolgung<\/span><\/li>\n<li><span data-preserver-spaces=\"true\">Dokumentenbasierte Arbeitsabl\u00e4ufe<\/span><\/li>\n<li><span data-preserver-spaces=\"true\">Data Mining f\u00fcr Prognosen<\/span><\/li>\n<li><span data-preserver-spaces=\"true\">Datengesteuerte Entscheidungsfindung<\/span><\/li>\n<\/ul>\n<p>[\/et_pb_text][et_pb_text _builder_version=&#8220;4.7.7&#8243; text_font_size=&#8220;1em&#8220; header_text_align=&#8220;left&#8220; header_text_color=&#8220;#ffffff&#8220; header_2_font=&#8220;||||||||&#8220; header_2_text_align=&#8220;left&#8220; header_2_text_color=&#8220;#ff6317&#8243; header_2_font_size=&#8220;1.8em&#8220; module_alignment=&#8220;left&#8220; custom_margin=&#8220;||1px||false|false&#8220; custom_padding=&#8220;2vw||||false|false&#8220;]<\/p>\n<h2 style=\"text-align: center;\"><span style=\"color: #000000;\">Suchen Sie nach Experten f\u00fcr Softwarel\u00f6sungen zur B\u00fcroautomatisierung?<\/span><\/h2>\n<p>[\/et_pb_text][et_pb_button button_url=&#8220;\/contact&#8220; button_text=&#8220;Kontaktieren Sie uns&#8220; button_alignment=&#8220;center&#8220; _builder_version=&#8220;4.7.7&#8243; custom_button=&#8220;on&#8220; button_text_size=&#8220;1.25em&#8220; button_text_color=&#8220;#ffffff&#8220; button_bg_color=&#8220;#ff6317&#8243; button_border_width=&#8220;0px&#8220; button_border_radius=&#8220;0.5em&#8220; button_use_icon=&#8220;off&#8220; custom_margin=&#8220;2vh||||false|false&#8220; custom_padding=&#8220;||||false|false&#8220;][\/et_pb_button][\/et_pb_column][\/et_pb_row][et_pb_row _builder_version=&#8220;4.7.7&#8243; _module_preset=&#8220;default&#8220;][et_pb_column type=&#8220;4_4&#8243; _builder_version=&#8220;4.7.7&#8243; _module_preset=&#8220;default&#8220;][\/et_pb_column][\/et_pb_row][\/et_pb_section][et_pb_section fb_built=&#8220;1&#8243; _builder_version=&#8220;4.7.7&#8243; min_height=&#8220;538.5px&#8220; custom_padding=&#8220;60px||0px||false|false&#8220;][et_pb_row _builder_version=&#8220;4.4.1&#8243; module_alignment=&#8220;center&#8220; custom_margin=&#8220;||||false|false&#8220; custom_padding=&#8220;||||false|false&#8220; border_width_top=&#8220;1px&#8220; border_color_top=&#8220;#ff6317&#8243;][et_pb_column type=&#8220;4_4&#8243; _builder_version=&#8220;4.4.1&#8243;][et_pb_text _builder_version=&#8220;4.7.7&#8243; text_font_size=&#8220;1em&#8220; header_text_align=&#8220;left&#8220; header_text_color=&#8220;#ffffff&#8220; header_2_font=&#8220;||||||||&#8220; header_2_text_align=&#8220;left&#8220; header_2_text_color=&#8220;#ff6317&#8243; header_2_font_size=&#8220;1.8em&#8220; module_alignment=&#8220;left&#8220; custom_margin=&#8220;||||false|false&#8220; custom_padding=&#8220;2vw||||false|false&#8220;]<\/p>\n<h2>Sehen Sie sich einige unserer fr\u00fcheren B\u00fcroautomatisierungsprojekte an\uff3f<\/h2>\n<p>[\/et_pb_text][\/et_pb_column][\/et_pb_row][et_pb_row use_custom_gutter=&#8220;on&#8220; make_equal=&#8220;on&#8220; _builder_version=&#8220;4.7.7&#8243;][et_pb_column type=&#8220;4_4&#8243; _builder_version=&#8220;4.4.1&#8243;][et_pb_blog fullwidth=&#8220;off&#8220; posts_number=&#8220;3&#8243; include_categories=&#8220;924&#8243; excerpt_length=&#8220;200&#8243; show_more=&#8220;on&#8220; show_categories=&#8220;off&#8220; show_excerpt=&#8220;off&#8220; _builder_version=&#8220;4.7.7&#8243; _module_preset=&#8220;default&#8220; width=&#8220;100%&#8220; custom_padding=&#8220;||0px|||&#8220;][\/et_pb_blog][\/et_pb_column][\/et_pb_row][\/et_pb_section][et_pb_section fb_built=&#8220;1&#8243; _builder_version=&#8220;4.4.1&#8243; min_height=&#8220;585.5px&#8220; custom_padding=&#8220;0px||0px||false|false&#8220;][et_pb_row _builder_version=&#8220;4.4.1&#8243; module_alignment=&#8220;center&#8220; custom_margin=&#8220;||||false|false&#8220; custom_padding=&#8220;||||false|false&#8220; border_width_top=&#8220;1px&#8220; border_color_top=&#8220;#ff6317&#8243;][et_pb_column type=&#8220;4_4&#8243; _builder_version=&#8220;4.4.1&#8243;][et_pb_text _builder_version=&#8220;4.7.7&#8243; text_font_size=&#8220;1em&#8220; header_text_align=&#8220;left&#8220; header_text_color=&#8220;#ffffff&#8220; header_2_font=&#8220;||||||||&#8220; header_2_text_align=&#8220;left&#8220; header_2_text_color=&#8220;#ff6317&#8243; header_2_font_size=&#8220;1.8em&#8220; module_alignment=&#8220;left&#8220; custom_margin=&#8220;||||false|false&#8220; custom_padding=&#8220;2vw||||false|false&#8220;]<\/p>\n<h2>Neueste Einblicke \uff3f<\/h2>\n<p>[\/et_pb_text][\/et_pb_column][\/et_pb_row][et_pb_row use_custom_gutter=&#8220;on&#8220; make_equal=&#8220;on&#8220; _builder_version=&#8220;4.4.1&#8243;][et_pb_column type=&#8220;4_4&#8243; _builder_version=&#8220;4.4.1&#8243;][et_pb_blog fullwidth=&#8220;off&#8220; posts_number=&#8220;3&#8243; include_categories=&#8220;14,11,3,6,4&#8243; show_more=&#8220;on&#8220; show_author=&#8220;off&#8220; show_date=&#8220;off&#8220; show_categories=&#8220;off&#8220; show_pagination=&#8220;off&#8220; offset_number=&#8220;6&#8243; module_class=&#8220;et_blog_grid_equal_height&#8220; _builder_version=&#8220;4.4.1&#8243; header_font=&#8220;||||||||&#8220; header_font_size=&#8220;1.5em&#8220; header_letter_spacing=&#8220;-0.02em&#8220; body_font=&#8220;|300|||||||&#8220; body_font_size=&#8220;1em&#8220; meta_font_size=&#8220;1em&#8220; meta_line_height=&#8220;3em&#8220; read_more_font_size=&#8220;1em&#8220; read_more_line_height=&#8220;3em&#8220; custom_margin=&#8220;1vw||||false|false&#8220; custom_padding=&#8220;||7px|||&#8220; border_width_all=&#8220;0px&#8220; border_color_all=&#8220;rgba(0,0,0,0)&#8220;][\/et_pb_blog][\/et_pb_column][\/et_pb_row][\/et_pb_section]<\/p>\n","protected":false},"excerpt":{"rendered":"<p>[et_pb_section fb_built=&#8220;1&#8243; admin_label=&#8220;Intro&#8220; _builder_version=&#8220;4.7.7&#8243; background_color=&#8220;#e8e8e8&#8243; background_image=&#8220;https:\/\/www.berg-software.com\/wp-content\/uploads\/office_copy.png&#8220; parallax=&#8220;on&#8220; background_enable_video_mp4=&#8220;off&#8220; min_height=&#8220;55vh&#8220; custom_margin=&#8220;||-38px|||&#8220; custom_padding=&#8220;5vh||6vh||false|false&#8220; hover_enabled=&#8220;0&#8243; border_color_bottom=&#8220;rgba(0,0,0,0)&#8220; locked=&#8220;off&#8220; alt=&#8220;office automation&#8220; title_text=&#8220;office automation&#8220; sticky_enabled=&#8220;0&#8243;][et_pb_row column_structure=&#8220;1_2,1_2&#8243; _builder_version=&#8220;4.7.7&#8243; min_height=&#8220;339.5px&#8220; custom_margin=&#8220;|auto|-183px|auto||&#8220; custom_padding=&#8220;||41px|0px|false|false&#8220;][et_pb_column type=&#8220;1_2&#8243; _builder_version=&#8220;4.4.1&#8243;][et_pb_text _builder_version=&#8220;4.7.7&#8243; text_font_size=&#8220;1em&#8220; header_font=&#8220;|300|||||||&#8220; header_text_align=&#8220;left&#8220; header_text_color=&#8220;#ff6317&#8243; header_font_size=&#8220;2.65em&#8220; header_letter_spacing=&#8220;-0.03em&#8220; background_enable_color=&#8220;off&#8220; width=&#8220;95%&#8220; custom_margin=&#8220;4vh||||false|false&#8220; custom_padding=&#8220;||||false|false&#8220;] Softwarel\u00f6sungen f\u00fcr die B\u00fcroautomatisierung [\/et_pb_text][et_pb_text _builder_version=&#8220;4.7.7&#8243; text_font=&#8220;|300|||||||&#8220; text_text_color=&#8220;#ffffff&#8220; text_font_size=&#8220;1em&#8220; quote_font=&#8220;||||||||&#8220; quote_text_align=&#8220;left&#8220; quote_font_size=&#8220;1em&#8220; header_4_font=&#8220;||||||||&#8220; header_4_font_size=&#8220;1.1em&#8220; header_4_letter_spacing=&#8220;-0.02em&#8220; header_4_line_height=&#8220;1.5em&#8220; header_5_font=&#8220;||||||||&#8220; header_5_font_size=&#8220;1em&#8220; [&hellip;]<\/p>\n","protected":false},"author":27,"featured_media":10288,"parent":0,"menu_order":0,"comment_status":"closed","ping_status":"closed","template":"","meta":{"_et_pb_use_builder":"on","_et_pb_old_content":"","_et_gb_content_width":"","footnotes":""},"class_list":["post-10270","page","type-page","status-publish","has-post-thumbnail","hentry"],"yoast_head":"<!-- This site is optimized with the Yoast SEO Premium plugin v16.1.1 - https:\/\/yoast.com\/wordpress\/plugins\/seo\/ -->\n<title>Softwarel\u00f6sungen f\u00fcr die B\u00fcroautomatisierung | Berg Software<\/title>\n<meta name=\"description\" content=\"Bei Berg Software entwickeln wir Softwarel\u00f6sungen f\u00fcr die B\u00fcroautomatisierung, die unsere Kunden bei der Speicherung, dem Austausch und der Verwaltung ihrer Daten unterst\u00fctzen.\" \/>\n<link rel=\"canonical\" href=\"https:\/\/www.berg-software.com\/de\/bueroautomatisierung\/\" \/>\n<meta property=\"og:locale\" content=\"de_DE\" \/>\n<meta property=\"og:type\" content=\"article\" \/>\n<meta property=\"og:title\" content=\"Softwarel\u00f6sungen f\u00fcr die B\u00fcroautomatisierung | Berg Software\" \/>\n<meta property=\"og:description\" content=\"Bei Berg Software entwickeln wir Softwarel\u00f6sungen f\u00fcr die B\u00fcroautomatisierung, die unsere Kunden bei der Speicherung, dem Austausch und der Verwaltung ihrer Daten unterst\u00fctzen.\" \/>\n<meta property=\"og:url\" content=\"https:\/\/www.berg-software.com\/de\/bueroautomatisierung\/\" \/>\n<meta property=\"og:site_name\" content=\"Berg Software\" \/>\n<meta property=\"article:publisher\" content=\"https:\/\/www.facebook.com\/bergCOMPUTERS\/\" \/>\n<meta property=\"article:modified_time\" content=\"2022-07-14T13:19:26+00:00\" \/>\n<meta property=\"og:image\" content=\"https:\/\/www.berg-software.com\/wp-content\/uploads\/office_copy.png\" \/>\n\t<meta property=\"og:image:width\" content=\"1800\" \/>\n\t<meta property=\"og:image:height\" content=\"900\" \/>\n<meta name=\"twitter:card\" content=\"summary_large_image\" \/>\n<meta name=\"twitter:site\" content=\"@berg_software\" \/>\n<meta name=\"twitter:label1\" content=\"Gesch\u00e4tzte Lesezeit\">\n\t<meta name=\"twitter:data1\" content=\"4 Minuten\">\n<script type=\"application\/ld+json\" class=\"yoast-schema-graph\">{\"@context\":\"https:\/\/schema.org\",\"@graph\":[{\"@type\":\"Organization\",\"@id\":\"https:\/\/www.berg-software.com\/en\/#organization\",\"name\":\"Berg Software\",\"url\":\"https:\/\/www.berg-software.com\/en\/\",\"sameAs\":[\"https:\/\/www.facebook.com\/bergCOMPUTERS\/\",\"https:\/\/www.instagram.com\/berg_software\/\",\"https:\/\/www.linkedin.com\/company\/berg-computers-srl\/\",\"https:\/\/www.youtube.com\/channel\/UCw1FfcRJnC-CoKPwlcM10Iw\",\"https:\/\/twitter.com\/berg_software\"],\"logo\":{\"@type\":\"ImageObject\",\"@id\":\"https:\/\/www.berg-software.com\/en\/#logo\",\"inLanguage\":\"de-DE\",\"url\":\"https:\/\/berg-software.com\/wp-content\/uploads\/berg-software-logo.png\",\"contentUrl\":\"https:\/\/berg-software.com\/wp-content\/uploads\/berg-software-logo.png\",\"width\":512,\"height\":512,\"caption\":\"Berg Software\"},\"image\":{\"@id\":\"https:\/\/www.berg-software.com\/en\/#logo\"}},{\"@type\":\"WebSite\",\"@id\":\"https:\/\/www.berg-software.com\/en\/#website\",\"url\":\"https:\/\/www.berg-software.com\/en\/\",\"name\":\"Berg Software\",\"description\":\"We turn ideas into software.\",\"publisher\":{\"@id\":\"https:\/\/www.berg-software.com\/en\/#organization\"},\"potentialAction\":[{\"@type\":\"SearchAction\",\"target\":\"https:\/\/www.berg-software.com\/en\/?s={search_term_string}\",\"query-input\":\"required name=search_term_string\"}],\"inLanguage\":\"de-DE\"},{\"@type\":\"ImageObject\",\"@id\":\"https:\/\/www.berg-software.com\/de\/bueroautomatisierung\/#primaryimage\",\"inLanguage\":\"de-DE\",\"url\":\"https:\/\/www.berg-software.com\/wp-content\/uploads\/office_copy.png\",\"contentUrl\":\"https:\/\/www.berg-software.com\/wp-content\/uploads\/office_copy.png\",\"width\":1800,\"height\":900,\"caption\":\"office automation\"},{\"@type\":\"WebPage\",\"@id\":\"https:\/\/www.berg-software.com\/de\/bueroautomatisierung\/#webpage\",\"url\":\"https:\/\/www.berg-software.com\/de\/bueroautomatisierung\/\",\"name\":\"Softwarel\\u00f6sungen f\\u00fcr die B\\u00fcroautomatisierung | Berg Software\",\"isPartOf\":{\"@id\":\"https:\/\/www.berg-software.com\/en\/#website\"},\"primaryImageOfPage\":{\"@id\":\"https:\/\/www.berg-software.com\/de\/bueroautomatisierung\/#primaryimage\"},\"datePublished\":\"2022-07-14T08:31:32+00:00\",\"dateModified\":\"2022-07-14T13:19:26+00:00\",\"description\":\"Bei Berg Software entwickeln wir Softwarel\\u00f6sungen f\\u00fcr die B\\u00fcroautomatisierung, die unsere Kunden bei der Speicherung, dem Austausch und der Verwaltung ihrer Daten unterst\\u00fctzen.\",\"breadcrumb\":{\"@id\":\"https:\/\/www.berg-software.com\/de\/bueroautomatisierung\/#breadcrumb\"},\"inLanguage\":\"de-DE\",\"potentialAction\":[{\"@type\":\"ReadAction\",\"target\":[\"https:\/\/www.berg-software.com\/de\/bueroautomatisierung\/\"]}]},{\"@type\":\"BreadcrumbList\",\"@id\":\"https:\/\/www.berg-software.com\/de\/bueroautomatisierung\/#breadcrumb\",\"itemListElement\":[{\"@type\":\"ListItem\",\"position\":1,\"item\":{\"@type\":\"WebPage\",\"@id\":\"https:\/\/www.berg-software.com\/de\/\",\"url\":\"https:\/\/www.berg-software.com\/de\/\",\"name\":\"Home\"}},{\"@type\":\"ListItem\",\"position\":2,\"item\":{\"@type\":\"WebPage\",\"@id\":\"https:\/\/www.berg-software.com\/de\/bueroautomatisierung\/\",\"url\":\"https:\/\/www.berg-software.com\/de\/bueroautomatisierung\/\",\"name\":\"B\\u00fcroautomatisierung\"}}]}]}<\/script>\n<!-- \/ Yoast SEO Premium plugin. -->","_links":{"self":[{"href":"https:\/\/www.berg-software.com\/de\/wp-json\/wp\/v2\/pages\/10270","targetHints":{"allow":["GET"]}}],"collection":[{"href":"https:\/\/www.berg-software.com\/de\/wp-json\/wp\/v2\/pages"}],"about":[{"href":"https:\/\/www.berg-software.com\/de\/wp-json\/wp\/v2\/types\/page"}],"author":[{"embeddable":true,"href":"https:\/\/www.berg-software.com\/de\/wp-json\/wp\/v2\/users\/27"}],"replies":[{"embeddable":true,"href":"https:\/\/www.berg-software.com\/de\/wp-json\/wp\/v2\/comments?post=10270"}],"version-history":[{"count":0,"href":"https:\/\/www.berg-software.com\/de\/wp-json\/wp\/v2\/pages\/10270\/revisions"}],"wp:featuredmedia":[{"embeddable":true,"href":"https:\/\/www.berg-software.com\/de\/wp-json\/wp\/v2\/media\/10288"}],"wp:attachment":[{"href":"https:\/\/www.berg-software.com\/de\/wp-json\/wp\/v2\/media?parent=10270"}],"curies":[{"name":"wp","href":"https:\/\/api.w.org\/{rel}","templated":true}]}}